{"id":3176,"date":"2020-12-30T16:10:01","date_gmt":"2020-12-30T15:10:01","guid":{"rendered":"https:\/\/www.almerecitytours.nl\/buch\/"},"modified":"2026-02-14T15:48:03","modified_gmt":"2026-02-14T14:48:03","slug":"buch","status":"publish","type":"page","link":"https:\/\/www.almerecitytours.nl\/de\/buch\/","title":{"rendered":"Buch"},"content":{"rendered":"<div class=\"fusion-fullwidth fullwidth-box fusion-builder-row-1 fusion-flex-container nonhundred-percent-fullwidth non-hundred-percent-height-scrolling\" style=\"--awb-border-radius-top-left:0px;--awb-border-radius-top-right:0px;--awb-border-radius-bottom-right:0px;--awb-border-radius-bottom-left:0px;--awb-padding-top:48px;--awb-padding-bottom:6%;--awb-padding-top-medium:12px;--awb-background-color:#ffffff;--awb-flex-wrap:wrap;\" ><div class=\"fusion-builder-row fusion-row fusion-flex-align-items-flex-start fusion-flex-content-wrap\" style=\"max-width:1372.8px;margin-left: calc(-4% \/ 2 );margin-right: calc(-4% \/ 2 );\"><div class=\"fusion-layout-column fusion_builder_column fusion-builder-column-0 fusion_builder_column_1_1 1_1 fusion-flex-column fusion-animated\" style=\"--awb-bg-size:cover;--awb-width-large:100%;--awb-margin-top-large:20px;--awb-spacing-right-large:1.92%;--awb-margin-bottom-large:60px;--awb-spacing-left-large:1.92%;--awb-width-medium:100%;--awb-order-medium:0;--awb-margin-top-medium:16px;--awb-spacing-right-medium:1.92%;--awb-margin-bottom-medium:16px;--awb-spacing-left-medium:1.92%;--awb-width-small:100%;--awb-order-small:0;--awb-margin-top-small:10px;--awb-spacing-right-small:1.92%;--awb-margin-bottom-small:16px;--awb-spacing-left-small:1.92%;\" data-animationType=\"fadeInDown\" data-animationDuration=\"1.0\" data-animationOffset=\"top-into-view\"><div class=\"fusion-column-wrapper fusion-column-has-shadow fusion-flex-justify-content-flex-start fusion-content-layout-column\"><div class=\"fusion-title title fusion-title-1 fusion-sep-none fusion-title-center fusion-title-text fusion-title-size-one\" style=\"--awb-text-color:#e25411;--awb-margin-bottom-medium:32px;--awb-font-size:40px;\"><h1 class=\"fusion-title-heading title-heading-center fusion-responsive-typography-calculated\" style=\"margin:0;font-size:1em;--fontSize:40;line-height:1.12;\">Segeln mit Almere City Tours<\/h1><\/div><div class=\"fusion-text fusion-text-1\" style=\"--awb-content-alignment:center;--awb-text-color:#383e42;\"><p>Derzeit segeln wir nur f\u00fcr Gruppen und Veranstaltungen. Sie k\u00f6nnen eine Buchung f\u00fcr eine Gruppe vornehmen, indem Sie unser Kontaktformular ausf\u00fcllen. <\/p>\n<\/div><div style=\"text-align:center;\"><a class=\"fusion-button button-flat fusion-button-default-size button-default fusion-button-default button-1 fusion-button-default-span fusion-button-default-type\" target=\"_self\" href=\"https:\/\/www.almerecitytours.nl\/contact\/\"><span class=\"fusion-button-text awb-button__text awb-button__text--default\">Angebotsvoranschlag einholen<\/span><\/a><\/div><\/div><\/div><div class=\"fusion-layout-column fusion_builder_column fusion-builder-column-1 fusion_builder_column_1_1 1_1 fusion-flex-column\" style=\"--awb-bg-size:cover;--awb-width-large:100%;--awb-margin-top-large:20px;--awb-spacing-right-large:1.92%;--awb-margin-bottom-large:20px;--awb-spacing-left-large:1.92%;--awb-width-medium:100%;--awb-order-medium:0;--awb-spacing-right-medium:1.92%;--awb-spacing-left-medium:1.92%;--awb-width-small:100%;--awb-order-small:0;--awb-spacing-right-small:1.92%;--awb-spacing-left-small:1.92%;\"><div class=\"fusion-column-wrapper fusion-column-has-shadow fusion-flex-justify-content-flex-start fusion-content-layout-column\"><div class=\"fusion-title title fusion-title-2 fusion-sep-none fusion-title-center fusion-title-text fusion-title-size-two\" style=\"--awb-text-color:#e25411;--awb-margin-bottom:40px;--awb-margin-bottom-medium:32px;--awb-font-size:38px;\"><h2 class=\"fusion-title-heading title-heading-center fusion-responsive-typography-calculated\" style=\"margin:0;font-size:1em;--fontSize:38;line-height:1.14;\">Preise<\/h2><\/div><style type='text\/css'>\n\t\t\t\t.pricing-table-1.fusion-pricing-table .panel-container, .pricing-table-1.fusion-pricing-table .standout .panel-container,\n\t\t\t\t.pricing-table-1.full-boxed-pricing.fusion-pricing-table {background-color:#f2f3f5;}\n\t\t\t\t.pricing-table-1.fusion-pricing-table .list-group .list-group-item,\n\t\t\t\t.pricing-table-1.fusion-pricing-table .list-group .list-group-item:last-child{background-color:#ffffff; border-color:rgba(0,0,0,0.08);}\n\t\t\t\t.pricing-table-1.full-boxed-pricing.fusion-pricing-table .panel-wrapper:hover .panel-heading,\n\t\t\t\t.pricing-table-1.fusion-pricing-table .panel-wrapper:hover .list-group-item {background-color:var(--awb-color2);}\n\t\t\t\t.pricing-table-1.full-boxed-pricing.fusion-pricing-table .panel-heading{background-color:#ffffff;}\n\t\t\t\t.pricing-table-1.fusion-pricing-table .fusion-panel, .pricing-table-1 .panel-wrapper:last-child .fusion-panel,\n\t\t\t\t.pricing-table-1.fusion-pricing-table .standout .fusion-panel, .pricing-table-1.fusion-pricing-table  .panel-heading,\n\t\t\t\t.pricing-table-1.fusion-pricing-table .panel-body, .pricing-table-1.fusion-pricing-table .panel-footer{border-color:rgba(0,0,0,0.08);}\n\t\t\t\t.pricing-table-1.fusion-pricing-table .panel-body, .pricing-table-1.fusion-pricing-table .panel-footer{background-color:#f2f3f5;}\n\t\t\t\t.pricing-table-1.sep-boxed-pricing.fusion-pricing-table .panel-heading h3{color:#000000;}\n\t\t\t\t.pricing-table-1.full-boxed-pricing.fusion-pricing-table .panel-heading h3{color:#000000;}\n\t\t\t\t.pricing-table-1.fusion-pricing-table .panel-body .price .decimal-part{color:#f86011;}\n\t\t\t\t.pricing-table-1.fusion-pricing-table .panel-body .price .integer-part{color:#f86011;}\n\t\t\t\t.pricing-table-1.fusion-pricing-table ul.list-group li{color:#000000;}\n\t\t\t\t<\/style><div class=\"fusion-pricing-table pricing-table-1 full-boxed-pricing row fusion-columns-5 columns-5 fusion-clearfix\"><div class=\"panel-wrapper fusion-column column col-lg-2 col-md-2 col-sm-2 fusion-pricingtable-column\"><div class=\"panel-container\"><div class=\"fusion-panel\"><div class=\"panel-heading\"><h3 class=\"title-row\">2 Stunden<\/h3><\/div><div class=\"panel-body pricing-row\"><div class=\"price price-with-decimal\"><span class=\"currency\">\u20ac<\/span><span class=\"integer-part\">500<\/span><sup class=\"decimal-part\">00<\/sup><span class=\"time\">tot 25 personen<\/span><\/div><\/div><ul class=\"list-group\"><li class=\"list-group-item normal-row\">Bis zu 30 Personen &#8211; 19,50 \u20ac pro Person. <\/li><li class=\"list-group-item normal-row\">Bis zu 40 Personen &#8211; 18,50 \u20ac pro Person. <\/li><li class=\"list-group-item normal-row\">Bis zu 50 Personen &#8211; 17,50 \u20ac pro Person. <\/li><li class=\"list-group-item normal-row\">Von 51 Personen. &#8211; 16,50 \u20ac pro Person. <\/li><\/ul><\/div><\/div><\/div><div class=\"panel-wrapper fusion-column column col-lg-2 col-md-2 col-sm-2 fusion-pricingtable-column\"><div class=\"panel-container\"><div class=\"fusion-panel\"><div class=\"panel-heading\"><h3 class=\"title-row\">2,5 Stunden<\/h3><\/div><div class=\"panel-body pricing-row\"><div class=\"price price-with-decimal\"><span class=\"currency\">\u20ac<\/span><span class=\"integer-part\">550<\/span><sup class=\"decimal-part\">00<\/sup><span class=\"time\">tot 25 personen<\/span><\/div><\/div><ul class=\"list-group\"><li class=\"list-group-item normal-row\">Bis zu 30 Personen &#8211; 23 \u20ac pro Person. <\/li><li class=\"list-group-item normal-row\">Bis zu 40 Personen &#8211; 22 \u20ac pro Person. <\/li><li class=\"list-group-item normal-row\">Bis zu 50 Personen &#8211; 21 \u20ac pro Person. <\/li><li class=\"list-group-item normal-row\">Von 51 Personen. &#8211; 20 \u20ac pro Person. <\/li><\/ul><\/div><\/div><\/div><div class=\"panel-wrapper fusion-column column col-lg-2 col-md-2 col-sm-2 standout fusion-pricingtable-column\"><div class=\"panel-container\"><div class=\"fusion-panel\"><div class=\"panel-heading\"><h3 class=\"title-row\">3 Stunden<\/h3><\/div><div class=\"panel-body pricing-row\"><div class=\"price price-with-decimal\"><span class=\"currency\">\u20ac<\/span><span class=\"integer-part\">600<\/span><sup class=\"decimal-part\">00<\/sup><span class=\"time\">tot 25 personen<\/span><\/div><\/div><ul class=\"list-group\"><li class=\"list-group-item normal-row\">Bis zu 30 Personen &#8211; 27 \u20ac pro Person. <\/li><li class=\"list-group-item normal-row\">Bis zu 40 Personen &#8211; \u20ac26 pro Person. <\/li><li class=\"list-group-item normal-row\">Bis zu 50 Personen &#8211; 25 \u20ac pro Person. <\/li><li class=\"list-group-item normal-row\">Von 51 Personen. &#8211; 24 \u20ac pro Person. <\/li><\/ul><\/div><\/div><\/div><div class=\"panel-wrapper fusion-column column col-lg-2 col-md-2 col-sm-2 fusion-pricingtable-column\"><div class=\"panel-container\"><div class=\"fusion-panel\"><div class=\"panel-heading\"><h3 class=\"title-row\">3,5 Stunden<\/h3><\/div><div class=\"panel-body pricing-row\"><div class=\"price price-with-decimal\"><span class=\"currency\">\u20ac<\/span><span class=\"integer-part\">650<\/span><sup class=\"decimal-part\">00<\/sup><span class=\"time\">tot 25 personen<\/span><\/div><\/div><ul class=\"list-group\"><li class=\"list-group-item normal-row\">Bis zu 30 Personen &#8211; 30 \u20ac pro Person. <\/li><li class=\"list-group-item normal-row\">Bis zu 40 Personen &#8211; 29 \u20ac pro Person. <\/li><li class=\"list-group-item normal-row\">Bis zu 50 Personen &#8211; \u20ac28 pro Person. <\/li><li class=\"list-group-item normal-row\">Von 51 Personen. &#8211; 27 \u20ac pro Person. <\/li><\/ul><\/div><\/div><\/div><div class=\"panel-wrapper fusion-column column col-lg-2 col-md-2 col-sm-2 fusion-pricingtable-column\"><div class=\"panel-container\"><div class=\"fusion-panel\"><div class=\"panel-heading\"><h3 class=\"title-row\">4 Stunden<\/h3><\/div><div class=\"panel-body pricing-row\"><div class=\"price price-with-decimal\"><span class=\"currency\">\u20ac<\/span><span class=\"integer-part\">700<\/span><sup class=\"decimal-part\">00<\/sup><span class=\"time\">tot 25 personen<\/span><\/div><\/div><ul class=\"list-group\"><li class=\"list-group-item normal-row\">Bis zu 30 Personen &#8211; 34 \u20ac pro Person. <\/li><li class=\"list-group-item normal-row\">Bis zu 40 Personen &#8211; 33 \u20ac pro Person. <\/li><li class=\"list-group-item normal-row\">Bis zu 50 Personen &#8211; 32 \u20ac pro Person. <\/li><li class=\"list-group-item normal-row\">Von 51 Personen. &#8211; 31 \u20ac pro Person. <\/li><\/ul><\/div><\/div><\/div><\/div><\/div><\/div><div class=\"fusion-layout-column fusion_builder_column fusion-builder-column-2 fusion_builder_column_1_2 1_2 fusion-flex-column fusion-animated\" style=\"--awb-bg-size:cover;--awb-width-large:50%;--awb-margin-top-large:20px;--awb-spacing-right-large:7.68%;--awb-margin-bottom-large:20px;--awb-spacing-left-large:19.2%;--awb-width-medium:40%;--awb-spacing-right-medium:9.6%;--awb-spacing-left-medium:9.6%;--awb-width-small:100%;--awb-order-small:1;--awb-spacing-right-small:1.92%;--awb-spacing-left-small:1.92%;\" data-animationType=\"fadeInLeft\" data-animationDuration=\"1.6\" data-animationOffset=\"top-into-view\"><div class=\"fusion-column-wrapper fusion-column-has-shadow fusion-flex-justify-content-flex-start fusion-content-layout-column\"><div class=\"fusion-image-element \" style=\"--awb-caption-title-font-family:var(--h2_typography-font-family);--awb-caption-title-font-weight:var(--h2_typography-font-weight);--awb-caption-title-font-style:var(--h2_typography-font-style);--awb-caption-title-size:var(--h2_typography-font-size);--awb-caption-title-transform:var(--h2_typography-text-transform);--awb-caption-title-line-height:var(--h2_typography-line-height);--awb-caption-title-letter-spacing:var(--h2_typography-letter-spacing);\"><span class=\" fusion-imageframe imageframe-none imageframe-1 hover-type-none\" style=\"border-radius:8px;\"><img decoding=\"async\" width=\"1500\" height=\"1000\" title=\"DSC_2964-2\" src=\"https:\/\/www.almerecitytours.nl\/wp-content\/uploads\/2021\/09\/DSC_2964-2.jpg\" data-orig-src=\"https:\/\/www.almerecitytours.nl\/wp-content\/uploads\/2021\/09\/DSC_2964-2.jpg\" alt class=\"lazyload img-responsive wp-image-3194\" srcset=\"data:image\/svg+xml,%3Csvg%20xmlns%3D%27http%3A%2F%2Fwww.w3.org%2F2000%2Fsvg%27%20width%3D%271500%27%20height%3D%271000%27%20viewBox%3D%270%200%201500%201000%27%3E%3Crect%20width%3D%271500%27%20height%3D%271000%27%20fill-opacity%3D%220%22%2F%3E%3C%2Fsvg%3E\" data-srcset=\"https:\/\/www.almerecitytours.nl\/wp-content\/uploads\/2021\/09\/DSC_2964-2-200x133.jpg 200w, https:\/\/www.almerecitytours.nl\/wp-content\/uploads\/2021\/09\/DSC_2964-2-400x267.jpg 400w, https:\/\/www.almerecitytours.nl\/wp-content\/uploads\/2021\/09\/DSC_2964-2-600x400.jpg 600w, https:\/\/www.almerecitytours.nl\/wp-content\/uploads\/2021\/09\/DSC_2964-2-800x533.jpg 800w, https:\/\/www.almerecitytours.nl\/wp-content\/uploads\/2021\/09\/DSC_2964-2-1200x800.jpg 1200w, https:\/\/www.almerecitytours.nl\/wp-content\/uploads\/2021\/09\/DSC_2964-2.jpg 1500w\" data-sizes=\"auto\" data-orig-sizes=\"(max-width: 640px) 100vw, 600px\" \/><\/span><\/div><div class=\"fusion-title title fusion-title-3 fusion-sep-none fusion-title-text fusion-title-size-four\" style=\"--awb-text-color:#383e42;--awb-margin-top:24px;--awb-margin-bottom:6px;\"><h4 class=\"fusion-title-heading title-heading-left fusion-responsive-typography-calculated\" style=\"margin:0;--fontSize:26;line-height:1.4;\">Welkom aan boord<\/h4><\/div><div class=\"fusion-title title fusion-title-4 fusion-sep-none fusion-title-text fusion-title-size-div\" style=\"--awb-text-color:#777777;--awb-margin-top:0px;--awb-margin-bottom:12px;--awb-margin-bottom-small:2px;--awb-margin-bottom-medium:4px;--awb-font-size:19px;\"><div class=\"fusion-title-heading title-heading-left title-heading-tag fusion-responsive-typography-calculated\" style=\"margin:0;font-size:1em;--fontSize:19;line-height:1.37;\">Bij Almere City Tours<\/div><\/div><ul style=\"--awb-size:18px;--awb-iconcolor:#f86011;--awb-line-height:30.6px;--awb-icon-width:30.6px;--awb-icon-height:30.6px;--awb-icon-margin:12.6px;--awb-content-margin:43.2px;\" class=\"fusion-checklist fusion-checklist-1 fusion-checklist-default type-icons\"><li class=\"fusion-li-item\" style=\"\"><span class=\"icon-wrapper circle-no\"><i class=\"fusion-li-icon fa-check-circle fas\" aria-hidden=\"true\"><\/i><\/span><div class=\"fusion-li-item-content\">\n<p><span style=\"color: #383e42;\">Garantierter Spa\u00df auf dem Wasser<\/span><\/p>\n<\/div><\/li><li class=\"fusion-li-item\" style=\"\"><span class=\"icon-wrapper circle-no\"><i class=\"fusion-li-icon fa-check-circle fas\" aria-hidden=\"true\"><\/i><\/span><div class=\"fusion-li-item-content\">\n<p><span style=\"color: #383e42;\">Ein unvergessliches Erlebnis<\/span><\/p>\n<\/div><\/li><li class=\"fusion-li-item\" style=\"\"><span class=\"icon-wrapper circle-no\"><i class=\"fusion-li-icon fa-check-circle fas\" aria-hidden=\"true\"><\/i><\/span><div class=\"fusion-li-item-content\">\n<p><span style=\"color: #383e42;\">Voll ausgestattet<\/span><\/p>\n<\/div><\/li><\/ul><\/div><\/div><div class=\"fusion-layout-column fusion_builder_column fusion-builder-column-3 fusion_builder_column_1_2 1_2 fusion-flex-column fusion-animated\" style=\"--awb-bg-size:cover;--awb-width-large:50%;--awb-margin-top-large:20px;--awb-spacing-right-large:7.68%;--awb-margin-bottom-large:20px;--awb-spacing-left-large:19.2%;--awb-width-medium:40%;--awb-spacing-right-medium:9.6%;--awb-spacing-left-medium:9.6%;--awb-width-small:100%;--awb-order-small:1;--awb-spacing-right-small:1.92%;--awb-spacing-left-small:1.92%;\" data-animationType=\"fadeInLeft\" data-animationDuration=\"1.6\" data-animationOffset=\"top-into-view\"><div class=\"fusion-column-wrapper fusion-column-has-shadow fusion-flex-justify-content-flex-start fusion-content-layout-column\"><div class=\"fusion-text fusion-text-2\" style=\"--awb-text-color:#383e42;\"><p><strong>Enterpunkt<\/strong><br \/>Enterpunkt am langen Steg am Esplanadeplein.<\/p>\n<p><strong>Parken<\/strong><br \/>Parkpl\u00e4tze stehen im Zentrum zur Verf\u00fcgung, die n\u00e4chstgelegene Tiefgarage ist die Hospitaalgarage (Kartenlink). Im Zentrum von Almere gibt es kostenpflichtige Parkpl\u00e4tze.<\/p>\n<p><strong>\u00d6ffentlicher Nahverkehr<\/strong><br \/>Kommen Sie mit dem Zug und gehen Sie durch die Stadt bis zum Wasser; vom Bahnhof aus gehen Sie in gerader Linie durch die Einkaufsstra\u00dfe zum Esplanade-Platz. Auf der linken Seite befindet sich der Steg.<\/p>\n<p>Kommen Sie mit dem Bus? Steigen Sie so nah wie m\u00f6glich am Stadtzentrum aus und gehen Sie in Richtung Esplanade.<\/p>\n<\/div><div class=\"fusion-separator fusion-no-medium-visibility fusion-no-large-visibility fusion-full-width-sep\" style=\"align-self: center;margin-left: auto;margin-right: auto;margin-top:30px;width:100%;\"><\/div><\/div><\/div><\/div><\/div>\n","protected":false},"excerpt":{"rendered":"","protected":false},"author":1,"featured_media":0,"parent":0,"menu_order":0,"comment_status":"closed","ping_status":"closed","template":"100-width.php","meta":{"footnotes":""},"class_list":["post-3176","page","type-page","status-publish","hentry"],"yoast_head":"<!-- This site is optimized with the Yoast SEO plugin v24.9 - https:\/\/yoast.com\/wordpress\/plugins\/seo\/ -->\n<title>Buchung - Buchen Sie Ihre Lieblings-Stadtrundfahrt - Almere City Tours schnell und einfach<\/title>\n<meta name=\"description\" content=\"Buchen Sie Ihre Lieblingsstadtrundfahrt in Almere schnell und einfach. W\u00e4hlen Sie Ihren Abholort, Wunschtermin und reservieren Sie Ihren Platz!\" \/>\n<meta name=\"robots\" content=\"index, follow, max-snippet:-1, max-image-preview:large, max-video-preview:-1\" \/>\n<link rel=\"canonical\" href=\"https:\/\/www.almerecitytours.nl\/de\/buch\/\" \/>\n<meta property=\"og:locale\" content=\"de_DE\" \/>\n<meta property=\"og:type\" content=\"article\" \/>\n<meta property=\"og:title\" content=\"Buchung - Buchen Sie Ihre Lieblings-Stadtrundfahrt - Almere City Tours schnell und einfach\" \/>\n<meta property=\"og:description\" content=\"Buchen Sie Ihre Lieblingsstadtrundfahrt in Almere schnell und einfach. W\u00e4hlen Sie Ihren Abholort, Wunschtermin und reservieren Sie Ihren Platz!\" \/>\n<meta property=\"og:url\" content=\"https:\/\/www.almerecitytours.nl\/de\/buch\/\" \/>\n<meta property=\"og:site_name\" content=\"Almere City Tours\" \/>\n<meta property=\"article:modified_time\" content=\"2026-02-14T14:48:03+00:00\" \/>\n<meta name=\"twitter:card\" content=\"summary_large_image\" \/>\n<meta name=\"twitter:label1\" content=\"Gesch\u00e4tzte Lesezeit\" \/>\n\t<meta name=\"twitter:data1\" content=\"9\u00a0Minuten\" \/>\n<script type=\"application\/ld+json\" class=\"yoast-schema-graph\">{\"@context\":\"https:\/\/schema.org\",\"@graph\":[{\"@type\":\"WebPage\",\"@id\":\"https:\/\/www.almerecitytours.nl\/de\/buch\/\",\"url\":\"https:\/\/www.almerecitytours.nl\/de\/buch\/\",\"name\":\"Buchung - Buchen Sie Ihre Lieblings-Stadtrundfahrt - Almere City Tours schnell und einfach\",\"isPartOf\":{\"@id\":\"https:\/\/www.almerecitytours.nl\/de\/#website\"},\"datePublished\":\"2020-12-30T15:10:01+00:00\",\"dateModified\":\"2026-02-14T14:48:03+00:00\",\"description\":\"Buchen Sie Ihre Lieblingsstadtrundfahrt in Almere schnell und einfach. W\u00e4hlen Sie Ihren Abholort, Wunschtermin und reservieren Sie Ihren Platz!\",\"breadcrumb\":{\"@id\":\"https:\/\/www.almerecitytours.nl\/de\/buch\/#breadcrumb\"},\"inLanguage\":\"de\",\"potentialAction\":[{\"@type\":\"ReadAction\",\"target\":[\"https:\/\/www.almerecitytours.nl\/de\/buch\/\"]}]},{\"@type\":\"BreadcrumbList\",\"@id\":\"https:\/\/www.almerecitytours.nl\/de\/buch\/#breadcrumb\",\"itemListElement\":[{\"@type\":\"ListItem\",\"position\":1,\"name\":\"Home\",\"item\":\"https:\/\/www.almerecitytours.nl\/de\/home\/\"},{\"@type\":\"ListItem\",\"position\":2,\"name\":\"Buch\"}]},{\"@type\":\"WebSite\",\"@id\":\"https:\/\/www.almerecitytours.nl\/de\/#website\",\"url\":\"https:\/\/www.almerecitytours.nl\/de\/\",\"name\":\"Almere City Tours\",\"description\":\"Ontdek Almere vanaf het water\",\"potentialAction\":[{\"@type\":\"SearchAction\",\"target\":{\"@type\":\"EntryPoint\",\"urlTemplate\":\"https:\/\/www.almerecitytours.nl\/de\/?s={search_term_string}\"},\"query-input\":{\"@type\":\"PropertyValueSpecification\",\"valueRequired\":true,\"valueName\":\"search_term_string\"}}],\"inLanguage\":\"de\"}]}<\/script>\n<!-- \/ Yoast SEO plugin. -->","yoast_head_json":{"title":"Buchung - Buchen Sie Ihre Lieblings-Stadtrundfahrt - Almere City Tours schnell und einfach","description":"Buchen Sie Ihre Lieblingsstadtrundfahrt in Almere schnell und einfach. W\u00e4hlen Sie Ihren Abholort, Wunschtermin und reservieren Sie Ihren Platz!","robots":{"index":"index","follow":"follow","max-snippet":"max-snippet:-1","max-image-preview":"max-image-preview:large","max-video-preview":"max-video-preview:-1"},"canonical":"https:\/\/www.almerecitytours.nl\/de\/buch\/","og_locale":"de_DE","og_type":"article","og_title":"Buchung - Buchen Sie Ihre Lieblings-Stadtrundfahrt - Almere City Tours schnell und einfach","og_description":"Buchen Sie Ihre Lieblingsstadtrundfahrt in Almere schnell und einfach. W\u00e4hlen Sie Ihren Abholort, Wunschtermin und reservieren Sie Ihren Platz!","og_url":"https:\/\/www.almerecitytours.nl\/de\/buch\/","og_site_name":"Almere City Tours","article_modified_time":"2026-02-14T14:48:03+00:00","twitter_card":"summary_large_image","twitter_misc":{"Gesch\u00e4tzte Lesezeit":"9\u00a0Minuten"},"schema":{"@context":"https:\/\/schema.org","@graph":[{"@type":"WebPage","@id":"https:\/\/www.almerecitytours.nl\/de\/buch\/","url":"https:\/\/www.almerecitytours.nl\/de\/buch\/","name":"Buchung - Buchen Sie Ihre Lieblings-Stadtrundfahrt - Almere City Tours schnell und einfach","isPartOf":{"@id":"https:\/\/www.almerecitytours.nl\/de\/#website"},"datePublished":"2020-12-30T15:10:01+00:00","dateModified":"2026-02-14T14:48:03+00:00","description":"Buchen Sie Ihre Lieblingsstadtrundfahrt in Almere schnell und einfach. W\u00e4hlen Sie Ihren Abholort, Wunschtermin und reservieren Sie Ihren Platz!","breadcrumb":{"@id":"https:\/\/www.almerecitytours.nl\/de\/buch\/#breadcrumb"},"inLanguage":"de","potentialAction":[{"@type":"ReadAction","target":["https:\/\/www.almerecitytours.nl\/de\/buch\/"]}]},{"@type":"BreadcrumbList","@id":"https:\/\/www.almerecitytours.nl\/de\/buch\/#breadcrumb","itemListElement":[{"@type":"ListItem","position":1,"name":"Home","item":"https:\/\/www.almerecitytours.nl\/de\/home\/"},{"@type":"ListItem","position":2,"name":"Buch"}]},{"@type":"WebSite","@id":"https:\/\/www.almerecitytours.nl\/de\/#website","url":"https:\/\/www.almerecitytours.nl\/de\/","name":"Almere City Tours","description":"Ontdek Almere vanaf het water","potentialAction":[{"@type":"SearchAction","target":{"@type":"EntryPoint","urlTemplate":"https:\/\/www.almerecitytours.nl\/de\/?s={search_term_string}"},"query-input":{"@type":"PropertyValueSpecification","valueRequired":true,"valueName":"search_term_string"}}],"inLanguage":"de"}]}},"_links":{"self":[{"href":"https:\/\/www.almerecitytours.nl\/de\/wp-json\/wp\/v2\/pages\/3176","targetHints":{"allow":["GET"]}}],"collection":[{"href":"https:\/\/www.almerecitytours.nl\/de\/wp-json\/wp\/v2\/pages"}],"about":[{"href":"https:\/\/www.almerecitytours.nl\/de\/wp-json\/wp\/v2\/types\/page"}],"author":[{"embeddable":true,"href":"https:\/\/www.almerecitytours.nl\/de\/wp-json\/wp\/v2\/users\/1"}],"replies":[{"embeddable":true,"href":"https:\/\/www.almerecitytours.nl\/de\/wp-json\/wp\/v2\/comments?post=3176"}],"version-history":[{"count":6,"href":"https:\/\/www.almerecitytours.nl\/de\/wp-json\/wp\/v2\/pages\/3176\/revisions"}],"predecessor-version":[{"id":3318,"href":"https:\/\/www.almerecitytours.nl\/de\/wp-json\/wp\/v2\/pages\/3176\/revisions\/3318"}],"wp:attachment":[{"href":"https:\/\/www.almerecitytours.nl\/de\/wp-json\/wp\/v2\/media?parent=3176"}],"curies":[{"name":"wp","href":"https:\/\/api.w.org\/{rel}","templated":true}]}}